{"id":33,"date":"2019-12-18T09:45:01","date_gmt":"2019-12-18T09:45:01","guid":{"rendered":"https:\/\/www.demo.cosmoswp.com\/demo-15\/?page_id=321"},"modified":"2024-11-18T16:25:01","modified_gmt":"2024-11-18T13:25:01","slug":"call-us","status":"publish","type":"page","link":"https:\/\/kry-group.com\/en\/call-us\/","title":{"rendered":"B\u0130Z\u0130 ARAYIN"},"content":{"rendered":"<section id=\"gmbf764fb\" class=\"wp-block-gutentor-m4 section-gmbf764fb gutentor-module gutentor-advanced-columns\"><div class=\"grid-container\"><div class=\"grid-row\">\n<div id=\"col-gm5cedac\" class=\"wp-block-gutentor-m4-col col-gm5cedac gutentor-single-column  grid-lg-8 grid-md-12 grid-12\"><div id=\"section-gm5cedac\" class=\"section-gm5cedac gutentor-col-wrap\">\n<p> &nbsp; &nbsp;<\/p>\n\n\n\n<p><strong>\u0130stanbul Ofis\u00a0 \u00a0 \u00a0 \u00a0 \u00a0 \u00a0 \u00a0 \u00a0 \u00a0 \u00a0 \u00a0 \u00a0 \u00a0 \u00a0 \u00a0 \u00a0 \u00a0 \u00a0 \u00a0 \u00a0 \u00a0 \u00a0 \u00a0 \u00a0 \u00a0 \u00a0 \u00a0 \u00a0 \u00a0 \u00a0 \u00a0 \u00a0 \u00a0 \u00a0 \u00a0 \u00a0 \u00a0 \u00a0 \u00a0 \u00a0 \u00a0 \u00a0 \u00a0 \u00a0 \u00a0\u00a0<\/strong><br>\u0130skenderpa\u015fa Mh. Simit\u00e7i\u015fakir Sk. <br>No:30 D:3 Fatih \u2013 \u0130stanbul\u00a0 \u00a0 \u00a0 \u00a0 \u00a0 \u00a0<\/p>\n\n\n\n<p><strong>Paketleme Tesisi ve So\u011fuk Hava Deposu<\/strong><br>Baraj Mh. 5873 Sk No:11\/2 Kepez \u2013 ANTALYA<\/p>\n\n\n\n<p><strong>\u0130leti\u015fim Bilgileri&nbsp; :<\/strong><br>| Mehmet Konu\u015f +90 532 503 22 87<\/p>\n\n\n\n<p>| WhatsApp  +90 530 427 22 87<\/p>\n\n\n\n<p>| info@kry-group.com<\/p>\n<\/div><\/div>\n\n\n\n<div id=\"col-gmebff32\" class=\"wp-block-gutentor-m4-col col-gmebff32 gutentor-single-column  grid-lg-4 grid-md-12 grid-12\"><div id=\"section-gmebff32\" class=\"section-gmebff32 gutentor-col-wrap\">\n<figure class=\"wp-block-image size-full\"><img loading=\"lazy\" decoding=\"async\" width=\"800\" height=\"680\" src=\"https:\/\/kry-group.com\/wp-content\/uploads\/2024\/10\/bize-ulasin.jpg\" alt=\"\" class=\"wp-image-2306\" srcset=\"https:\/\/kry-group.com\/wp-content\/uploads\/2024\/10\/bize-ulasin.jpg 800w, https:\/\/kry-group.com\/wp-content\/uploads\/2024\/10\/bize-ulasin-300x255.jpg 300w, https:\/\/kry-group.com\/wp-content\/uploads\/2024\/10\/bize-ulasin-768x653.jpg 768w, https:\/\/kry-group.com\/wp-content\/uploads\/2024\/10\/bize-ulasin-14x12.jpg 14w\" sizes=\"auto, (max-width: 800px) 100vw, 800px\" \/><\/figure>\n<\/div><\/div>\n<\/div><\/div><\/section>\n\n\n\n<div class=\"wp-block-columns is-layout-flex wp-container-core-columns-is-layout-9d6595d7 wp-block-columns-is-layout-flex\">\n<div class=\"wp-block-column is-layout-flow wp-block-column-is-layout-flow\" style=\"flex-basis:100%\">\n<div class=\"wp-block-columns is-layout-flex wp-container-core-columns-is-layout-9d6595d7 wp-block-columns-is-layout-flex\">\n<div class=\"wp-block-column is-layout-flow wp-block-column-is-layout-flow\" style=\"flex-basis:100%\"><\/div>\n<\/div>\n<\/div>\n<\/div>","protected":false},"excerpt":{"rendered":"","protected":false},"author":1,"featured_media":0,"parent":0,"menu_order":0,"comment_status":"closed","ping_status":"closed","template":"template-gutentor-full-width.php","meta":{"footnotes":""},"class_list":["post-33","page","type-page","status-publish","hentry"],"_links":{"self":[{"href":"https:\/\/kry-group.com\/en\/wp-json\/wp\/v2\/pages\/33","targetHints":{"allow":["GET"]}}],"collection":[{"href":"https:\/\/kry-group.com\/en\/wp-json\/wp\/v2\/pages"}],"about":[{"href":"https:\/\/kry-group.com\/en\/wp-json\/wp\/v2\/types\/page"}],"author":[{"embeddable":true,"href":"https:\/\/kry-group.com\/en\/wp-json\/wp\/v2\/users\/1"}],"replies":[{"embeddable":true,"href":"https:\/\/kry-group.com\/en\/wp-json\/wp\/v2\/comments?post=33"}],"version-history":[{"count":50,"href":"https:\/\/kry-group.com\/en\/wp-json\/wp\/v2\/pages\/33\/revisions"}],"predecessor-version":[{"id":2313,"href":"https:\/\/kry-group.com\/en\/wp-json\/wp\/v2\/pages\/33\/revisions\/2313"}],"wp:attachment":[{"href":"https:\/\/kry-group.com\/en\/wp-json\/wp\/v2\/media?parent=33"}],"curies":[{"name":"wp","href":"https:\/\/api.w.org\/{rel}","templated":true}]}}